{"id":807,"date":"2017-06-29T10:06:14","date_gmt":"2017-06-29T08:06:14","guid":{"rendered":"http:\/\/www.m-trade.si\/en\/demo2\/?page_id=807"},"modified":"2022-02-19T22:37:24","modified_gmt":"2022-02-19T21:37:24","slug":"kontrola-kvalitete-maziv","status":"publish","type":"page","link":"https:\/\/www.m-trade.si\/en\/services-and-education\/services\/kontrola-kvalitete-maziv\/","title":{"rendered":"Kontrola kvalitete maziv"},"content":{"rendered":"\t\t<div data-elementor-type=\"wp-page\" data-elementor-id=\"807\" class=\"elementor elementor-807\">\n\t\t\t\t\t\t<div class=\"elementor-inner\">\n\t\t\t\t<div class=\"elementor-section-wrap\">\n\t\t\t\t\t\t\t\t\t<section class=\"elementor-section elementor-top-section elementor-element elementor-element-702f62f elementor-section-boxed elementor-section-height-default elementor-section-height-default\" data-id=\"702f62f\" data-element_type=\"section\">\n\t\t\t\t\t\t<div class=\"elementor-container elementor-column-gap-default\">\n\t\t\t\t\t\t\t<div class=\"elementor-row\">\n\t\t\t\t\t<div class=\"elementor-column elementor-col-100 elementor-top-column elementor-element elementor-element-165ae46\" data-id=\"165ae46\" data-element_type=\"column\">\n\t\t\t<div class=\"elementor-column-wrap elementor-element-populated\">\n\t\t\t\t\t\t\t<div class=\"elementor-widget-wrap\">\n\t\t\t\t\t\t<div class=\"elementor-element elementor-element-18e7ff5 elementor-widget elementor-widget-heading\" data-id=\"18e7ff5\" data-element_type=\"widget\" data-widget_type=\"heading.default\">\n\t\t\t\t<div class=\"elementor-widget-container\">\n\t\t\t<h2 class=\"elementor-heading-title elementor-size-default\">Predstavitev<\/h2>\t\t<\/div>\n\t\t\t\t<\/div>\n\t\t\t\t<div class=\"elementor-element elementor-element-5aa6c19 elementor-widget-divider--view-line elementor-widget elementor-widget-divider\" data-id=\"5aa6c19\" data-element_type=\"widget\" data-widget_type=\"divider.default\">\n\t\t\t\t<div class=\"elementor-widget-container\">\n\t\t\t\t\t<div class=\"elementor-divider\">\n\t\t\t<span class=\"elementor-divider-separator\">\n\t\t\t\t\t\t<\/span>\n\t\t<\/div>\n\t\t\t\t<\/div>\n\t\t\t\t<\/div>\n\t\t\t\t<div class=\"elementor-element elementor-element-4b547d8 elementor-widget elementor-widget-text-editor\" data-id=\"4b547d8\" data-element_type=\"widget\" data-widget_type=\"text-editor.default\">\n\t\t\t\t<div class=\"elementor-widget-container\">\n\t\t\t\t\t\t\t\t<div class=\"elementor-text-editor elementor-clearfix\">\n\t\t\t\t<p><strong>PREISKAVE MAZIVA: <\/strong><\/p><p style=\"text-align: justify;\">Uporaba maziv je neizogibna pri &#8220;borbi s trenjem&#8221; na povr\u0161inah v kontaktu osnovnih strojnih elementov, razli\u010dnih strojev in naprav. Mazivo odvaja povr\u0161ine, ki so v stiku in s tem zmanj\u0161uje obrabo in trenje. Pri tem pa \u0161\u010diti pred korozijo in zunanjimi ne\u010disto\u010dami. Pomen mazanja se ka\u017ee tudi v tem, da ve\u010d kot 50 odstotkov vseh po\u0161kodb in odpovedi pri delu mehanskih sistemov nastane zaradi obrabe ter, da je mazanje \u0161e vedno najbolj raz\u0161irjen na\u010din za zmanj\u0161anje trenja in obrabe (izgube) materiala.<\/p><p style=\"text-align: justify;\">S kontrolo maziva lahko ugotovimo te\u017eave in poi\u0161\u010demo vzroke za nepravilno delovanje stroja \u017ee v zelo zgodnji fazi s \u010demer vplivamo na stro\u0161ke popravil, obseg izgubljene proizvodnje, kakovost izdelkov in s tem tudi na poslovno uspe\u0161nost podjetja. Preiskava maziva na terenu obsega iskanje \u0161kodljivih ne\u010disto\u010d in delcev obrabe stroja, ugotavljanje izvora\/ov onesna\u017eenja, ter ugotovljene potreb po nadaljnjih laboratorijskih raziskavah za podrobnej\u0161o analizo stanja stroja.<\/p>\t\t\t\t\t<\/div>\n\t\t\t\t\t\t<\/div>\n\t\t\t\t<\/div>\n\t\t\t\t<div class=\"elementor-element elementor-element-8462340 elementor-widget elementor-widget-spacer\" data-id=\"8462340\" data-element_type=\"widget\" data-widget_type=\"spacer.default\">\n\t\t\t\t<div class=\"elementor-widget-container\">\n\t\t\t\t\t<div class=\"elementor-spacer\">\n\t\t\t<div class=\"elementor-spacer-inner\"><\/div>\n\t\t<\/div>\n\t\t\t\t<\/div>\n\t\t\t\t<\/div>\n\t\t\t\t<div class=\"elementor-element elementor-element-43ec9aa elementor-widget elementor-widget-heading\" data-id=\"43ec9aa\" data-element_type=\"widget\" data-widget_type=\"heading.default\">\n\t\t\t\t<div class=\"elementor-widget-container\">\n\t\t\t<h2 class=\"elementor-heading-title elementor-size-default\">Podrobnosti<\/h2>\t\t<\/div>\n\t\t\t\t<\/div>\n\t\t\t\t<div class=\"elementor-element elementor-element-df9b19a elementor-widget-divider--view-line elementor-widget elementor-widget-divider\" data-id=\"df9b19a\" data-element_type=\"widget\" data-widget_type=\"divider.default\">\n\t\t\t\t<div class=\"elementor-widget-container\">\n\t\t\t\t\t<div class=\"elementor-divider\">\n\t\t\t<span class=\"elementor-divider-separator\">\n\t\t\t\t\t\t<\/span>\n\t\t<\/div>\n\t\t\t\t<\/div>\n\t\t\t\t<\/div>\n\t\t\t\t<div class=\"elementor-element elementor-element-7aaa652 elementor-widget elementor-widget-text-editor\" data-id=\"7aaa652\" data-element_type=\"widget\" data-widget_type=\"text-editor.default\">\n\t\t\t\t<div class=\"elementor-widget-container\">\n\t\t\t\t\t\t\t\t<div class=\"elementor-text-editor elementor-clearfix\">\n\t\t\t\t<p><strong>PREISKAVA MAZIVA NA TERENU<\/strong><\/p><p>I\u0161\u010demo \u0161kodljive <strong>ne\u010disto\u010de<\/strong> in <strong>delce obrabe<\/strong> stroja<\/p><ul><li>Ugotavljamo <strong>izvor onesna\u017eenja<\/strong><\/li><li>Ugotovimo potrebo po <strong>nadaljnjih laboratorijskih raziskavah<\/strong> za podrobnej\u0161o analizo stanja stroja<\/li><\/ul><p><img loading=\"lazy\" class=\"alignnone wp-image-3018\" src=\"http:\/\/www.m-trade.si\/en\/wp-content\/uploads\/2017\/06\/mazanje10.jpg\" alt=\"\" width=\"400\" height=\"153\" srcset=\"https:\/\/www.m-trade.si\/en\/wp-content\/uploads\/sites\/3\/2017\/06\/mazanje10.jpg 660w, https:\/\/www.m-trade.si\/en\/wp-content\/uploads\/sites\/3\/2017\/06\/mazanje10-300x115.jpg 300w, https:\/\/www.m-trade.si\/en\/wp-content\/uploads\/sites\/3\/2017\/06\/mazanje10-450x172.jpg 450w, https:\/\/www.m-trade.si\/en\/wp-content\/uploads\/sites\/3\/2017\/06\/mazanje10-400x153.jpg 400w\" sizes=\"(max-width: 400px) 100vw, 400px\" \/><\/p><p>\u00a0<\/p><p>Preiskava lahko <strong>vsebuje<\/strong>:<\/p><ul><li>ugotavljanje <strong>prisotnosti vode<\/strong>* (&#8220;crackle&#8221; test, &#8220;free water&#8221; )<\/li><li><strong>\u010distost in svetlost<\/strong> olja<\/li><li><strong>transparentnost<\/strong> olja<\/li><li>prisotnost <strong>usedlin<\/strong><\/li><li>vsebnost &#8220;<strong>opilkov<\/strong>&#8221; (&#8220;patch&#8221; test)<\/li><li><strong>viskoznost<\/strong> olja<\/li><li>vsebnost <strong>organskih in anorganskih<\/strong> kontaminatov<\/li><li><strong>instalacija sedimentacijske posodice<\/strong><\/li><\/ul><p>\u00a0<\/p><p><strong>OSNOVNA ANALIZA OLJA<\/strong><\/p><p><img loading=\"lazy\" class=\"alignnone wp-image-1557\" src=\"http:\/\/www.m-trade.si\/en\/wp-content\/uploads\/2017\/06\/mazanje3.jpg\" alt=\"\" width=\"300\" height=\"145\" srcset=\"https:\/\/www.m-trade.si\/en\/wp-content\/uploads\/sites\/3\/2017\/06\/mazanje3.jpg 522w, https:\/\/www.m-trade.si\/en\/wp-content\/uploads\/sites\/3\/2017\/06\/mazanje3-300x145.jpg 300w, https:\/\/www.m-trade.si\/en\/wp-content\/uploads\/sites\/3\/2017\/06\/mazanje3-450x218.jpg 450w\" sizes=\"(max-width: 300px) 100vw, 300px\" \/><\/p><ul><li><strong>Ferografija<\/strong> &#8211; analiza del\u010dkov v olju<br \/><ul style=\"list-style-type: circle;\"><li>spremljajo velikost in relativna koli\u010dina del\u010dkov<\/li><li>trendiranje<\/li><li>analiza &#8211; vzrok obrabe in kontaminacije<\/li><\/ul><\/li><li><strong>Degradacija<\/strong> &#8211; spremlja se kislost in sprememba viskoznosti<br \/><ul style=\"list-style-type: circle;\"><li>vpliv: prevelike mehanske obremenitve, kontaminacija<\/li><li>pri 20 % porastu ali zni\u017eanju viskoznosti olja je POTREBNA DETAJLNA ANALIZA<\/li><\/ul><\/li><li><strong>Spektro-kemijske in fizikalne lastnosti &#8211; ugotavljanje kvalitete maziva<\/strong><br \/><ul style=\"list-style-type: circle;\"><li>Oksidacijo olja (staranje)<\/li><li>Iztro\u0161enost (obraba aditivov)<\/li><\/ul><\/li><\/ul><p>\u00a0<\/p><p><strong>DETAJLNA ANALIZA<\/strong><\/p><p><img loading=\"lazy\" class=\"alignnone wp-image-3016\" src=\"http:\/\/www.m-trade.si\/en\/wp-content\/uploads\/2017\/06\/mazanje9.jpg\" alt=\"\" width=\"400\" height=\"147\" srcset=\"https:\/\/www.m-trade.si\/en\/wp-content\/uploads\/sites\/3\/2017\/06\/mazanje9.jpg 727w, https:\/\/www.m-trade.si\/en\/wp-content\/uploads\/sites\/3\/2017\/06\/mazanje9-300x110.jpg 300w, https:\/\/www.m-trade.si\/en\/wp-content\/uploads\/sites\/3\/2017\/06\/mazanje9-450x165.jpg 450w, https:\/\/www.m-trade.si\/en\/wp-content\/uploads\/sites\/3\/2017\/06\/mazanje9-400x147.jpg 400w\" sizes=\"(max-width: 400px) 100vw, 400px\" \/><\/p><ul><li>Laboratorijske ocene in poro\u010dila<br \/><ul style=\"list-style-type: circle;\"><li>Vzorci se analizirajo v posebnih laboratorijih<\/li><li>Integrirane v bazo podatkov spremljanje stanja<\/li><\/ul><\/li><li>Posebna diagnostika<br \/><ul style=\"list-style-type: circle;\"><li>Re\u0161evanje problemov<\/li><li>Optimizacija aditivov<\/li><li>Dodelitev dobavitelja<\/li><\/ul><\/li><\/ul>\t\t\t\t\t<\/div>\n\t\t\t\t\t\t<\/div>\n\t\t\t\t<\/div>\n\t\t\t\t<div class=\"elementor-element elementor-element-13b521a elementor-widget-divider--view-line elementor-widget elementor-widget-divider\" data-id=\"13b521a\" data-element_type=\"widget\" data-widget_type=\"divider.default\">\n\t\t\t\t<div class=\"elementor-widget-container\">\n\t\t\t\t\t<div class=\"elementor-divider\">\n\t\t\t<span class=\"elementor-divider-separator\">\n\t\t\t\t\t\t<\/span>\n\t\t<\/div>\n\t\t\t\t<\/div>\n\t\t\t\t<\/div>\n\t\t\t\t<div class=\"elementor-element elementor-element-12836dc elementor-widget elementor-widget-text-editor\" data-id=\"12836dc\" data-element_type=\"widget\" data-widget_type=\"text-editor.default\">\n\t\t\t\t<div class=\"elementor-widget-container\">\n\t\t\t\t\t\t\t\t<div class=\"elementor-text-editor elementor-clearfix\">\n\t\t\t\t<img loading=\"lazy\" class=\"alignnone wp-image-3001\" style=\"border: 5px solid #ffffff;\" src=\"http:\/\/www.m-trade.si\/en\/wp-content\/uploads\/2017\/06\/mazanje6-2.jpg\" alt=\"\" width=\"800\" height=\"265\" srcset=\"https:\/\/www.m-trade.si\/en\/wp-content\/uploads\/sites\/3\/2017\/06\/mazanje6-2.jpg 1224w, https:\/\/www.m-trade.si\/en\/wp-content\/uploads\/sites\/3\/2017\/06\/mazanje6-2-300x100.jpg 300w, https:\/\/www.m-trade.si\/en\/wp-content\/uploads\/sites\/3\/2017\/06\/mazanje6-2-768x255.jpg 768w, https:\/\/www.m-trade.si\/en\/wp-content\/uploads\/sites\/3\/2017\/06\/mazanje6-2-1024x340.jpg 1024w, https:\/\/www.m-trade.si\/en\/wp-content\/uploads\/sites\/3\/2017\/06\/mazanje6-2-930x308.jpg 930w, https:\/\/www.m-trade.si\/en\/wp-content\/uploads\/sites\/3\/2017\/06\/mazanje6-2-450x149.jpg 450w, https:\/\/www.m-trade.si\/en\/wp-content\/uploads\/sites\/3\/2017\/06\/mazanje6-2-400x133.jpg 400w\" sizes=\"(max-width: 800px) 100vw, 800px\" \/>\t\t\t\t\t<\/div>\n\t\t\t\t\t\t<\/div>\n\t\t\t\t<\/div>\n\t\t\t\t\t\t<\/div>\n\t\t\t\t\t<\/div>\n\t\t<\/div>\n\t\t\t\t\t\t\t\t<\/div>\n\t\t\t\t\t<\/div>\n\t\t<\/section>\n\t\t\t\t\t\t\t\t\t<\/div>\n\t\t\t<\/div>\n\t\t\t\t\t<\/div>\n\t\t","protected":false},"excerpt":{"rendered":"<p>Predstavitev PREISKAVE MAZIVA: Uporaba maziv je neizogibna pri &#8220;borbi s trenjem&#8221; na povr\u0161inah v kontaktu osnovnih strojnih elementov, razli\u010dnih strojev in naprav. Mazivo odvaja povr\u0161ine, ki so v stiku in s tem zmanj\u0161uje obrabo in trenje. Pri tem pa \u0161\u010diti pred korozijo in zunanjimi ne\u010disto\u010dami. Pomen mazanja se ka\u017ee tudi v tem, da ve\u010d kot [&hellip;]<\/p>\n","protected":false},"author":3,"featured_media":9054,"parent":799,"menu_order":3,"comment_status":"closed","ping_status":"closed","template":"","meta":[],"_links":{"self":[{"href":"https:\/\/www.m-trade.si\/en\/wp-json\/wp\/v2\/pages\/807"}],"collection":[{"href":"https:\/\/www.m-trade.si\/en\/wp-json\/wp\/v2\/pages"}],"about":[{"href":"https:\/\/www.m-trade.si\/en\/wp-json\/wp\/v2\/types\/page"}],"author":[{"embeddable":true,"href":"https:\/\/www.m-trade.si\/en\/wp-json\/wp\/v2\/users\/3"}],"replies":[{"embeddable":true,"href":"https:\/\/www.m-trade.si\/en\/wp-json\/wp\/v2\/comments?post=807"}],"version-history":[{"count":44,"href":"https:\/\/www.m-trade.si\/en\/wp-json\/wp\/v2\/pages\/807\/revisions"}],"predecessor-version":[{"id":11921,"href":"https:\/\/www.m-trade.si\/en\/wp-json\/wp\/v2\/pages\/807\/revisions\/11921"}],"up":[{"embeddable":true,"href":"https:\/\/www.m-trade.si\/en\/wp-json\/wp\/v2\/pages\/799"}],"wp:featuredmedia":[{"embeddable":true,"href":"https:\/\/www.m-trade.si\/en\/wp-json\/wp\/v2\/media\/9054"}],"wp:attachment":[{"href":"https:\/\/www.m-trade.si\/en\/wp-json\/wp\/v2\/media?parent=807"}],"curies":[{"name":"wp","href":"https:\/\/api.w.org\/{rel}","templated":true}]}}