{"id":885,"date":"2017-06-30T20:03:19","date_gmt":"2017-06-30T18:03:19","guid":{"rendered":"http:\/\/www.m-trade.si\/en\/demo2\/?page_id=885"},"modified":"2022-10-25T14:47:12","modified_gmt":"2022-10-25T12:47:12","slug":"module-4-fundamentals-of-condition-based-control","status":"publish","type":"page","link":"https:\/\/www.m-trade.si\/en\/services-and-education\/education\/module-4-fundamentals-of-condition-based-control\/","title":{"rendered":"Module 4: Fundamentals of Condition-Based Control"},"content":{"rendered":"\t\t<div data-elementor-type=\"wp-page\" data-elementor-id=\"885\" class=\"elementor elementor-885\">\n\t\t\t\t\t\t<div class=\"elementor-inner\">\n\t\t\t\t<div class=\"elementor-section-wrap\">\n\t\t\t\t\t\t\t\t\t<section class=\"elementor-section elementor-top-section elementor-element elementor-element-dacd5eb elementor-section-boxed elementor-section-height-default elementor-section-height-default\" data-id=\"dacd5eb\" data-element_type=\"section\">\n\t\t\t\t\t\t<div class=\"elementor-container elementor-column-gap-default\">\n\t\t\t\t\t\t\t<div class=\"elementor-row\">\n\t\t\t\t\t<div class=\"elementor-column elementor-col-100 elementor-top-column elementor-element elementor-element-3c1b460\" data-id=\"3c1b460\" data-element_type=\"column\">\n\t\t\t<div class=\"elementor-column-wrap elementor-element-populated\">\n\t\t\t\t\t\t\t<div class=\"elementor-widget-wrap\">\n\t\t\t\t\t\t<div class=\"elementor-element elementor-element-be3148f elementor-widget elementor-widget-heading\" data-id=\"be3148f\" data-element_type=\"widget\" data-widget_type=\"heading.default\">\n\t\t\t\t<div class=\"elementor-widget-container\">\n\t\t\t<h2 class=\"elementor-heading-title elementor-size-default\">Introduction<\/h2>\t\t<\/div>\n\t\t\t\t<\/div>\n\t\t\t\t<div class=\"elementor-element elementor-element-4a5f9eb elementor-widget-divider--view-line elementor-widget elementor-widget-divider\" data-id=\"4a5f9eb\" data-element_type=\"widget\" data-widget_type=\"divider.default\">\n\t\t\t\t<div class=\"elementor-widget-container\">\n\t\t\t\t\t<div class=\"elementor-divider\">\n\t\t\t<span class=\"elementor-divider-separator\">\n\t\t\t\t\t\t<\/span>\n\t\t<\/div>\n\t\t\t\t<\/div>\n\t\t\t\t<\/div>\n\t\t\t\t<div class=\"elementor-element elementor-element-cc22bd1 elementor-widget elementor-widget-text-editor\" data-id=\"cc22bd1\" data-element_type=\"widget\" data-widget_type=\"text-editor.default\">\n\t\t\t\t<div class=\"elementor-widget-container\">\n\t\t\t\t\t\t\t\t<div class=\"elementor-text-editor elementor-clearfix\">\n\t\t\t\t<p><strong>Module 4: Fundamentals of Condition-Based Control<\/strong><\/p>\n<p style=\"text-align: justify;\">An introduction to the training of trainees who are being trained in condition monitoring of machinery.<\/p>\n<p style=\"text-align: justify;\"><strong>Target group:<\/strong><\/p>\n<p style=\"text-align: justify;\">Engineers, specialists and technicians who are required to be proficient in setting up and using the SKF condition monitoring system. Maintenance supervisors, condition monitoring coordinators, reliability engineers, inspectors, supervisors, specialist mechanics and anyone else who wants to learn about vibration monitoring and analysis.<\/p>\n<p style=\"text-align: justify;\"><strong>Module objectives:<\/strong><\/p>\n<p style=\"text-align: justify;\">The objectives are to learn practical approaches to the detection and analysis of common machinery problems using vibration monitoring and analysis.<\/p>\n<p style=\"text-align: justify;\"><strong>Module Description:<\/strong><\/p>\n<p style=\"text-align: justify;\">The module is tailored to maximise the participation of the students in the discussion. A combination of presentations, group exercises and practical measurement, preparing students to start work in the field.<\/p>\n<p style=\"text-align: justify;\"><strong>Guidance:<\/strong><\/p>\n<p style=\"text-align: justify;\">The training programme is led by Dr Bo\u0161tjan Vaupoti\u010d, SKF certified CMP inspector. He is one of the experts in the SKF Distributor Network in Europe who has completed all SKF Distributor College courses. He is certified in SKF reliability systems for bearing lubrication, bearing maintenance and condition monitoring of industrial drives. He is involved in bearing failure root cause analysis, in-service condition measurement of bearings and gears, machine vibration measurement and analysis, lubricant wear measurement, maintenance process optimization, design and installation of lubrication systems, etc.<\/p>\n<p style=\"text-align: justify;\"><strong>Certificate:<\/strong><\/p>\n<p style=\"text-align: justify;\">At the end of the course, participants take a test and receive a certificate of successful completion.<\/p>\n<p style=\"text-align: justify;\"><strong>Prerequisites:<\/strong><\/p>\n<p style=\"text-align: justify;\">Participants must be familiar with the basic concepts of occupational safety, and possess basic knowledge and skills in the use of basic hand tools. Participants must have computer skills.<\/p>\n<p><strong>Training venue:<\/strong><\/p>\n<p>Theoretical and practical training sessions are held at the premises of M.Trade d.o.o., at your premises or by arrangement.<\/p>\n<p><strong>Duration:<\/strong><\/p>\n<p>The module can be fully tailored to your requirements in terms of content and time. The entire module lasts 14 school hours &#8211; 1.5 days.<\/p>\n<p><\/p>\t\t\t\t\t<\/div>\n\t\t\t\t\t\t<\/div>\n\t\t\t\t<\/div>\n\t\t\t\t<div class=\"elementor-element elementor-element-6edf083 elementor-widget elementor-widget-heading\" data-id=\"6edf083\" data-element_type=\"widget\" data-widget_type=\"heading.default\">\n\t\t\t\t<div class=\"elementor-widget-container\">\n\t\t\t<h2 class=\"elementor-heading-title elementor-size-default\">Details<\/h2>\t\t<\/div>\n\t\t\t\t<\/div>\n\t\t\t\t<div class=\"elementor-element elementor-element-7ad6841 elementor-widget-divider--view-line elementor-widget elementor-widget-divider\" data-id=\"7ad6841\" data-element_type=\"widget\" data-widget_type=\"divider.default\">\n\t\t\t\t<div class=\"elementor-widget-container\">\n\t\t\t\t\t<div class=\"elementor-divider\">\n\t\t\t<span class=\"elementor-divider-separator\">\n\t\t\t\t\t\t<\/span>\n\t\t<\/div>\n\t\t\t\t<\/div>\n\t\t\t\t<\/div>\n\t\t\t\t<div class=\"elementor-element elementor-element-9daef17 elementor-widget elementor-widget-text-editor\" data-id=\"9daef17\" data-element_type=\"widget\" data-widget_type=\"text-editor.default\">\n\t\t\t\t<div class=\"elementor-widget-container\">\n\t\t\t\t\t\t\t\t<div class=\"elementor-text-editor elementor-clearfix\">\n\t\t\t\t<h4><strong>Content:<\/strong><\/h4><p><strong>1: The basics of vibration:<\/strong><\/p><ul><li>Signal analysis over time<\/li><li>Amplitude versus frequency<\/li><li>Vibration &#8211; measurable characteristics<\/li><li>Vibration sensors<\/li><li>Measurement factors<\/li><li>Dimensions and units<\/li><li>Multi-parameter monitoring<\/li><li>Resonance<\/li><li>Detection in relation to analysis<\/li><\/ul><p><strong>\u00a0<\/strong><\/p><p><strong>2. Vibration measurement items:<\/strong><\/p><ul><li>Physical and database assumptions<\/li><li>Machine selection<\/li><li>Sensor location and mounting methods<\/li><li>Cable routing<\/li><li>Fmax placement<\/li><\/ul><p><strong>\u00a0<\/strong><\/p><p><strong>3. Alarm methods and setting alarm limits:<\/strong><\/p><ul><li>ISO guidelines<\/li><li>Assessment of the severity of total vibration<\/li><li>Spectrum envelopment and explanation<\/li><li>Phase alarms<\/li><li>Exception criteria<\/li><\/ul><p><strong>\u00a0<\/strong><\/p><p><strong>4. Spectral and phase analysis:<\/strong><\/p><ul><li>Spectral analysis techniques and pattern recognition<\/li><li>Sidebands<\/li><li>Harmonics<\/li><li>Waterfall extraction<\/li><li>Understanding phase<\/li><\/ul><p><strong>\u00a0<\/strong><\/p><p><strong>5. Vibration signal processing methods:<\/strong><\/p><ul><li>Enveloping<\/li><li>SEE Technology (Spectral Emitted Energy)<\/li><li>HFD (High Frequency Detection)<\/li><\/ul><p><strong>\u00a0<\/strong><\/p><p><strong>6. Analysis of typical machine problems:<\/strong><\/p><ul><li>Debalans in necentri\u010dost<\/li><li>Zvita gred<\/li><li>Mehanska zra\u010dnost<\/li><li>&#8220;Ukle\u0161\u010den&#8221; le\u017eaj<\/li><\/ul><p><strong>\u00a0<\/strong><\/p><p><strong>7. Monitoring rolling bearings:<\/strong><\/p><ul><li>Disbalance and off-centrality<\/li><li>Cranked shaft<\/li><li>Mechanical clearance<\/li><li>&#8220;Angular contact&#8221; bearing<\/li><\/ul><p>\u00a0<\/p><p><strong>8. Vibro-diagnostic tables:<\/strong><\/p><ul><li>ISO 2372 vibrodiagnostics table<\/li><\/ul>\t\t\t\t\t<\/div>\n\t\t\t\t\t\t<\/div>\n\t\t\t\t<\/div>\n\t\t\t\t<div class=\"elementor-element elementor-element-e3eb5ac elementor-widget-divider--view-line elementor-widget elementor-widget-divider\" data-id=\"e3eb5ac\" data-element_type=\"widget\" data-widget_type=\"divider.default\">\n\t\t\t\t<div class=\"elementor-widget-container\">\n\t\t\t\t\t<div class=\"elementor-divider\">\n\t\t\t<span class=\"elementor-divider-separator\">\n\t\t\t\t\t\t<\/span>\n\t\t<\/div>\n\t\t\t\t<\/div>\n\t\t\t\t<\/div>\n\t\t\t\t<div class=\"elementor-element elementor-element-1ffdb10 elementor-widget elementor-widget-image\" data-id=\"1ffdb10\" data-element_type=\"widget\" data-widget_type=\"image.default\">\n\t\t\t\t<div class=\"elementor-widget-container\">\n\t\t\t\t\t\t\t\t<div class=\"elementor-image\">\n\t\t\t\t\t\t\t\t\t\t\t\t<img src=\"https:\/\/www.m-trade.si\/en\/wp-content\/uploads\/sites\/3\/2017\/06\/modul4-3.jpg\" title=\"modul4-3\" alt=\"modul4-3\" \/>\t\t\t\t\t\t\t\t\t\t\t\t\t\t<\/div>\n\t\t\t\t\t\t<\/div>\n\t\t\t\t<\/div>\n\t\t\t\t\t\t<\/div>\n\t\t\t\t\t<\/div>\n\t\t<\/div>\n\t\t\t\t\t\t\t\t<\/div>\n\t\t\t\t\t<\/div>\n\t\t<\/section>\n\t\t\t\t\t\t\t\t\t<\/div>\n\t\t\t<\/div>\n\t\t\t\t\t<\/div>\n\t\t","protected":false},"excerpt":{"rendered":"<p>Introduction Module 4: Fundamentals of Condition-Based Control An introduction to the training of trainees who are being trained in condition monitoring of machinery. Target group: Engineers, specialists and technicians who are required to be proficient in setting up and using the SKF condition monitoring system. Maintenance supervisors, condition monitoring coordinators, reliability engineers, inspectors, supervisors, specialist [&hellip;]<\/p>\n","protected":false},"author":3,"featured_media":9074,"parent":796,"menu_order":3,"comment_status":"closed","ping_status":"closed","template":"","meta":[],"_links":{"self":[{"href":"https:\/\/www.m-trade.si\/en\/wp-json\/wp\/v2\/pages\/885"}],"collection":[{"href":"https:\/\/www.m-trade.si\/en\/wp-json\/wp\/v2\/pages"}],"about":[{"href":"https:\/\/www.m-trade.si\/en\/wp-json\/wp\/v2\/types\/page"}],"author":[{"embeddable":true,"href":"https:\/\/www.m-trade.si\/en\/wp-json\/wp\/v2\/users\/3"}],"replies":[{"embeddable":true,"href":"https:\/\/www.m-trade.si\/en\/wp-json\/wp\/v2\/comments?post=885"}],"version-history":[{"count":101,"href":"https:\/\/www.m-trade.si\/en\/wp-json\/wp\/v2\/pages\/885\/revisions"}],"predecessor-version":[{"id":14723,"href":"https:\/\/www.m-trade.si\/en\/wp-json\/wp\/v2\/pages\/885\/revisions\/14723"}],"up":[{"embeddable":true,"href":"https:\/\/www.m-trade.si\/en\/wp-json\/wp\/v2\/pages\/796"}],"wp:featuredmedia":[{"embeddable":true,"href":"https:\/\/www.m-trade.si\/en\/wp-json\/wp\/v2\/media\/9074"}],"wp:attachment":[{"href":"https:\/\/www.m-trade.si\/en\/wp-json\/wp\/v2\/media?parent=885"}],"curies":[{"name":"wp","href":"https:\/\/api.w.org\/{rel}","templated":true}]}}